{"id":7,"date":"2022-07-06T13:11:09","date_gmt":"2022-07-06T13:11:09","guid":{"rendered":"https:\/\/haus-anna.info\/?page_id=7"},"modified":"2022-07-07T08:24:53","modified_gmt":"2022-07-07T08:24:53","slug":"startseite","status":"publish","type":"page","link":"https:\/\/haus-anna.info\/","title":{"rendered":"Startseite"},"content":{"rendered":"\t\t<div data-elementor-type=\"wp-post\" data-elementor-id=\"7\" class=\"elementor elementor-7\">\n\t\t\t\t\t\t<section class=\"elementor-section elementor-top-section elementor-element elementor-element-4de0588 elementor-section-boxed elementor-section-height-default elementor-section-height-default\" data-id=\"4de0588\" data-element_type=\"section\" data-e-type=\"section\" data-settings=\"{&quot;background_background&quot;:&quot;classic&quot;}\">\n\t\t\t\t\t\t\t<div class=\"elementor-background-overlay\"><\/div>\n\t\t\t\t\t\t\t<div class=\"elementor-container elementor-column-gap-default\">\n\t\t\t\t\t<div class=\"elementor-column elementor-col-100 elementor-top-column elementor-element elementor-element-0d80d9e\" data-id=\"0d80d9e\" data-element_type=\"column\" data-e-type=\"column\">\n\t\t\t<div class=\"elementor-widget-wrap elementor-element-populated\">\n\t\t\t\t\t\t<div class=\"elementor-element elementor-element-e12625e elementor-widget elementor-widget-spacer\" data-id=\"e12625e\" data-element_type=\"widget\" data-e-type=\"widget\" data-widget_type=\"spacer.default\">\n\t\t\t\t<div class=\"elementor-widget-container\">\n\t\t\t\t\t\t\t<div class=\"elementor-spacer\">\n\t\t\t<div class=\"elementor-spacer-inner\"><\/div>\n\t\t<\/div>\n\t\t\t\t\t\t<\/div>\n\t\t\t\t<\/div>\n\t\t\t\t<div class=\"elementor-element elementor-element-fd4bb92 elementor-widget elementor-widget-heading\" data-id=\"fd4bb92\" data-element_type=\"widget\" data-e-type=\"widget\" data-widget_type=\"heading.default\">\n\t\t\t\t<div class=\"elementor-widget-container\">\n\t\t\t\t\t<h2 class=\"elementor-heading-title elementor-size-default\">Herzlich Willkommen<\/h2>\t\t\t\t<\/div>\n\t\t\t\t<\/div>\n\t\t\t\t<div class=\"elementor-element elementor-element-115a01d elementor-widget elementor-widget-image\" data-id=\"115a01d\" data-element_type=\"widget\" data-e-type=\"widget\" data-widget_type=\"image.default\">\n\t\t\t\t<div class=\"elementor-widget-container\">\n\t\t\t\t\t\t\t\t\t\t\t\t\t\t\t<img decoding=\"async\" width=\"150\" height=\"150\" src=\"https:\/\/haus-anna.info\/wp-content\/uploads\/2022\/07\/HausAnna-Logo_HG-150x150.png\" class=\"attachment-thumbnail size-thumbnail wp-image-55\" alt=\"\" srcset=\"https:\/\/haus-anna.info\/wp-content\/uploads\/2022\/07\/HausAnna-Logo_HG-150x150.png 150w, https:\/\/haus-anna.info\/wp-content\/uploads\/2022\/07\/HausAnna-Logo_HG-300x300.png 300w, https:\/\/haus-anna.info\/wp-content\/uploads\/2022\/07\/HausAnna-Logo_HG.png 748w\" sizes=\"(max-width: 150px) 100vw, 150px\" \/>\t\t\t\t\t\t\t\t\t\t\t\t\t\t\t<\/div>\n\t\t\t\t<\/div>\n\t\t\t\t<div class=\"elementor-element elementor-element-015f5b4 elementor-widget elementor-widget-heading\" data-id=\"015f5b4\" data-element_type=\"widget\" data-e-type=\"widget\" data-widget_type=\"heading.default\">\n\t\t\t\t<div class=\"elementor-widget-container\">\n\t\t\t\t\t<h2 class=\"elementor-heading-title elementor-size-default\">HAUS ANNA<\/h2>\t\t\t\t<\/div>\n\t\t\t\t<\/div>\n\t\t\t\t<div class=\"elementor-element elementor-element-44124fa elementor-widget elementor-widget-text-editor\" data-id=\"44124fa\" data-element_type=\"widget\" data-e-type=\"widget\" data-widget_type=\"text-editor.default\">\n\t\t\t\t<div class=\"elementor-widget-container\">\n\t\t\t\t\t\t\t\t\t<p>Hier entsteht momentan unsere neue Internetpr\u00e4senz.<br \/>Sie k\u00f6nnen uns nat\u00fcrlich weiterhin jederzeit kontaktieren.<\/p><p><strong>KONTAKT<\/strong><\/p><p><b>Haus Anna<br \/><\/b>Gro\u00df-Breitenbach 17-19<br \/>69509 M\u00f6rlenbach<\/p><p>Telefon: 06209-26696-0<br \/>Fax: 06209-26696-8<br \/>Mail:\u00a0<a id=\"LPlnk387134\" href=\"mailto:kontakt@haus-anna.info\" target=\"_blank\" rel=\"noopener noreferrer\" data-auth=\"NotApplicable\" data-linkindex=\"0\">kontakt@haus-anna.info<\/a><\/p>\t\t\t\t\t\t\t\t<\/div>\n\t\t\t\t<\/div>\n\t\t\t\t<div class=\"elementor-element elementor-element-9c8ee28 elementor-widget elementor-widget-spacer\" data-id=\"9c8ee28\" data-element_type=\"widget\" data-e-type=\"widget\" data-widget_type=\"spacer.default\">\n\t\t\t\t<div class=\"elementor-widget-container\">\n\t\t\t\t\t\t\t<div class=\"elementor-spacer\">\n\t\t\t<div class=\"elementor-spacer-inner\"><\/div>\n\t\t<\/div>\n\t\t\t\t\t\t<\/div>\n\t\t\t\t<\/div>\n\t\t\t\t\t<\/div>\n\t\t<\/div>\n\t\t\t\t\t<\/div>\n\t\t<\/section>\n\t\t\t\t<\/div>\n\t\t","protected":false},"excerpt":{"rendered":"<p>Herzlich Willkommen HAUS ANNA Hier entsteht momentan unsere neue Internetpr\u00e4senz.Sie k\u00f6nnen uns nat\u00fcrlich weiterhin jederzeit kontaktieren. KONTAKT Haus AnnaGro\u00df-Breitenbach 17-1969509 M\u00f6rlenbach Telefon: 06209-26696-0Fax: 06209-26696-8Mail:\u00a0kontakt@haus-anna.info<\/p>\n","protected":false},"author":2,"featured_media":0,"parent":0,"menu_order":0,"comment_status":"closed","ping_status":"closed","template":"page-templates\/template-pagebuilder-full-width.php","meta":{"neve_meta_sidebar":"","neve_meta_container":"","neve_meta_enable_content_width":"","neve_meta_content_width":0,"neve_meta_title_alignment":"","neve_meta_author_avatar":"","neve_post_elements_order":"","neve_meta_disable_header":"","neve_meta_disable_footer":"","neve_meta_disable_title":"","footnotes":""},"class_list":["post-7","page","type-page","status-publish","hentry"],"_links":{"self":[{"href":"https:\/\/haus-anna.info\/index.php\/wp-json\/wp\/v2\/pages\/7","targetHints":{"allow":["GET"]}}],"collection":[{"href":"https:\/\/haus-anna.info\/index.php\/wp-json\/wp\/v2\/pages"}],"about":[{"href":"https:\/\/haus-anna.info\/index.php\/wp-json\/wp\/v2\/types\/page"}],"author":[{"embeddable":true,"href":"https:\/\/haus-anna.info\/index.php\/wp-json\/wp\/v2\/users\/2"}],"replies":[{"embeddable":true,"href":"https:\/\/haus-anna.info\/index.php\/wp-json\/wp\/v2\/comments?post=7"}],"version-history":[{"count":50,"href":"https:\/\/haus-anna.info\/index.php\/wp-json\/wp\/v2\/pages\/7\/revisions"}],"predecessor-version":[{"id":73,"href":"https:\/\/haus-anna.info\/index.php\/wp-json\/wp\/v2\/pages\/7\/revisions\/73"}],"wp:attachment":[{"href":"https:\/\/haus-anna.info\/index.php\/wp-json\/wp\/v2\/media?parent=7"}],"curies":[{"name":"wp","href":"https:\/\/api.w.org\/{rel}","templated":true}]}}